{"id":10243,"date":"2017-05-17T20:05:52","date_gmt":"2017-05-17T20:05:52","guid":{"rendered":"https:\/\/markhazipalinka.hu\/kapcsolat\/"},"modified":"2020-11-11T10:55:45","modified_gmt":"2020-11-11T09:55:45","slug":"contact","status":"publish","type":"page","link":"https:\/\/markhazipalinka.hu\/en\/contact\/","title":{"rendered":"Contact"},"content":{"rendered":"<p>[vc_row full_width=&#8221;stretch_row_content_no_spaces&#8221; bg_overlay=&#8221;half&#8221; css=&#8221;.vc_custom_1597930412364{padding-top: 180px !important;padding-bottom: 50px !important;background-image: url(https:\/\/markhazipalinka.hu\/wp-content\/uploads\/2020\/08\/DSC_0393-1-1_1920_wide.jpg?id=9781) !important;background-position: center !important;background-repeat: no-repeat !important;background-size: cover !important;}&#8221;][vc_column][vc_custom_heading text=&#8221;Contact&#8221; font_container=&#8221;tag:h1|text_align:center|color:%23ffffff&#8221;][vc_separator color=&#8221;white&#8221; el_width=&#8221;20&#8243; css=&#8221;.vc_custom_1597668413472{padding-top: 0px !important;padding-bottom: 0px !important;}&#8221;][vc_custom_heading text=&#8221;M\u00e1rkh\u00e1zi P\u00e1linka&#8221; font_container=&#8221;tag:h2|text_align:center|color:%23ffffff&#8221; css=&#8221;.vc_custom_1597668563339{margin-top: 0px !important;padding-top: 20px !important;}&#8221;][\/vc_column][\/vc_row][vc_section css=&#8221;.vc_custom_1598014403320{margin-right: 0px !important;margin-left: 0px !important;padding-right: 0px !important;padding-left: 0px !important;}&#8221;][vc_row gap=&#8221;10&#8243; equal_height=&#8221;yes&#8221; content_placement=&#8221;top&#8221; css=&#8221;.vc_custom_1598014434563{padding-top: 60px !important;padding-right: 0px !important;padding-bottom: 60px !important;padding-left: 0px !important;background-image: url(https:\/\/markhazipalinka.hu\/wp-content\/uploads\/2018\/02\/Harom-hordo2.png?id=9743) !important;}&#8221; el_class=&#8221;kapcsolatblock&#8221;][vc_column text_align=&#8221;center-sm-ms&#8221; offset=&#8221;vc_col-lg-offset-1 vc_col-lg-5 vc_col-md-6 vc_col-sm-offset-0 vc_col-xs-12&#8243;]<div class=\"ltx-content-width col-align-left\" id=\"like_sc_content_width_1202673071\" style=\"max-width: 370px\"><div class=\"ltx-wrapper\"><div class=\"heading  default align-left color-black transform-default icon-type-hidden   vc_custom_1603977006242 heading-tag-h2\" id=\"like_sc_header_1970945462\"><h2 class=\"header ltx-sr-id-like_sc_header_19709454621954163846 ltx-sr ltx-sr-effect-fade_in ltx-sr-el-block ltx-sr-delay-0 ltx-sr-duration-1000 ltx-sr-sequences-0\">Contact us!<\/h2><\/div>[vc_column_text]<strong>M\u00c1RKH\u00c1ZI P\u00c1LINKAF\u0150Z\u0150 T\u00c1RSAS\u00c1G KFT.<\/strong>[\/vc_column_text][vc_raw_html css=&#8221;.vc_custom_1605088539936{margin-top: 30px !important;}&#8221;]JTNDdGFibGUlMjBjbGFzcyUzRCUyMmthcGNzb2xhdGluZm8lMjIlM0UlM0N0ciUzRSUzQ3RkJTNFJTBBJTNDaSUyMGNsYXNzJTNEJTIyZmFzJTIwZmEtbG9jYXRpb24tYXJyb3clMjIlM0UlM0MlMkZpJTNFJTNDJTJGdGQlM0UlM0N0ZCUzRSUyMCUzQ3AlM0UlM0NzdHJvbmclM0UlMjAzMDc1JTIwTSVDMyVBMXJraCVDMyVBMXphJTJDJTIwaHJzeiUyMDA1JTJGMiUzQyUyRnN0cm9uZyUzRSUzQyUyRnAlM0UlMEElM0MlMkZ0ZCUzRSUzQyUyRnRyJTNFJTNDdHIlM0UlMEElM0N0ZCUzRSUwQSUzQ2klMjBjbGFzcyUzRCUyMmZhcyUyMGZhLWVudmVsb3BlJTIyJTNFJTNDJTJGaSUzRSUzQyUyRnRkJTNFJTNDdGQlM0UlMEElM0NwJTIwc3R5bGUlM0QlMjJwYWRkaW5nLWJvdHRvbSUzQSUyMDAlM0IlMjBtYXJnaW4tYm90dG9tJTNBJTIwMCUzQiUyMiUzRSUzQ2ElMjBocmVmJTNEJTIybWFpbHRvJTNBbWFya2hhemElNDBtYXJraGF6aXBhbGlua2EuaHUlMjIlM0UlM0NzdHJvbmclM0VtYXJraGF6YSU0MG1hcmtoYXppcGFsaW5rYS5odSUzQyUyRnN0cm9uZyUzRSUzQyUyRmElM0UlM0MlMkZwJTNFJTBBJTBBJTNDJTJGdGQlM0UlM0MlMkZ0ciUzRSUwQSUzQ3RyJTNFJTNDdGQlM0UlMEElM0NpJTIwY2xhc3MlM0QlMjJmYXMlMjBmYS1tb2JpbGUtYWx0JTIyJTNFJTNDJTJGaSUzRSUyMCUzQyUyRnRkJTNFJTNDdGQlM0UlM0NwJTNFJTIwJTNDYSUyMGhyZWYlM0QlMjJjYWxsdG8lM0ElMkIzNjMwOTAwNzQ4MSUyMiUzRSUzQ3N0cm9uZyUzRSUyQjM2JTIwMzAlMjA5MDAtNzQ4MSUzQyUyRnN0cm9uZyUzRSUzQyUyRmElM0UlM0MlMkZwJTNFJTNDJTJGdGQlM0UlMEElMEElMEElMEElMEElM0MlMkZ0ciUzRSUzQyUyRnRhYmxlJTNF[\/vc_raw_html]<\/div><\/div><div class=\"es-resp\">\t<div class=\"visible-xl\" style=\"height: 6vh;\"><\/div>\t<div class=\"hidden-xl hidden-md hidden-sm hidden-ms hidden-xs\" style=\"height: 6vh;\"><\/div>\t<div class=\"visible-md\" style=\"height: 6vh;\"><\/div>\t<div class=\"visible-sm \" style=\"height: 6vh;\"><\/div>\t<div class=\"visible-ms\" style=\"height: 32px;\"><\/div>\t<div class=\"visible-xs\" style=\"height: 32px;\"><\/div><\/div>[\/vc_column][vc_column offset=&#8221;vc_col-lg-5 vc_col-md-6 vc_col-xs-12&#8243; css=&#8221;.vc_custom_1598014634878{margin-right: 0px !important;margin-left: 0px !important;padding-right: 0px !important;padding-left: 0px !important;}&#8221;]<div role=\"form\" class=\"wpcf7\" id=\"wpcf7-f9898-o1\" lang=\"en-US\" dir=\"ltr\">\n<div class=\"screen-reader-response\" role=\"alert\" aria-live=\"polite\"><\/div>\n<form action=\"\/en\/wp-json\/wp\/v2\/pages\/10243\/#wpcf7-f9898-o1\" method=\"post\" class=\"wpcf7-form init wpcf7-acceptance-as-validation\" novalidate=\"novalidate\">\n<div style=\"display: none;\">\n<input type=\"hidden\" name=\"_wpcf7\" value=\"9898\" \/>\n<input type=\"hidden\" name=\"_wpcf7_version\" value=\"5.2.1\" \/>\n<input type=\"hidden\" name=\"_wpcf7_locale\" value=\"en_US\" \/>\n<input type=\"hidden\" name=\"_wpcf7_unit_tag\" value=\"wpcf7-f9898-o1\" \/>\n<input type=\"hidden\" name=\"_wpcf7_container_post\" value=\"0\" \/>\n<input type=\"hidden\" name=\"_wpcf7_posted_data_hash\" value=\"\" \/>\n<input type=\"hidden\" name=\"_wpcf7_recaptcha_response\" value=\"\" \/>\n<\/div>\n<div class=\"row\">\n<div class=\"col-lg-6\">\n<span class=\"wpcf7-form-control-wrap fullname\"><input type=\"text\" name=\"fullname\" value=\"\" size=\"40\" class=\"wpcf7-form-control wpcf7-text wpcf7-validates-as-required\" aria-required=\"true\" aria-invalid=\"false\" placeholder=\"Name*\" \/><\/span>\n  <\/div>\n<div class=\"col-lg-6\">\n<span class=\"wpcf7-form-control-wrap email\"><input type=\"text\" name=\"email\" value=\"\" size=\"40\" class=\"wpcf7-form-control wpcf7-text wpcf7-validates-as-required\" aria-required=\"true\" aria-invalid=\"false\" placeholder=\"E-mail*\" \/><\/span>\n  <\/div>\n<\/div>\n<div class=\"row\">\n<div class=\"col-lg-12\">\n<span class=\"wpcf7-form-control-wrap select-menu\"><select name=\"select-menu\" class=\"wpcf7-form-control wpcf7-select\" aria-invalid=\"false\"><option value=\"Interested in M\u00e1rkh\u00e1zi P\u00e1linka\">Interested in M\u00e1rkh\u00e1zi P\u00e1linka<\/option><option value=\"Interested in Private production\">Interested in Private production<\/option><\/select><\/span>\n  <\/div>\n<\/div>\n<p><span class=\"wpcf7-form-control-wrap message\"><textarea name=\"message\" cols=\"40\" rows=\"10\" class=\"wpcf7-form-control wpcf7-textarea\" aria-invalid=\"false\" placeholder=\"Message*\"><\/textarea><\/span><\/p>\n<div class=\"row\" >\n<div class=\"col-md-12\" style=\"color:white; text-align:left;\">\n       <span class=\"wpcf7-form-control-wrap adatvedelem\"><span class=\"wpcf7-form-control wpcf7-checkbox wpcf7-validates-as-required\"><span class=\"wpcf7-list-item first last\"><label><input type=\"checkbox\" name=\"adatvedelem[]\" value=\"I accept the privacy policy.*\" \/><span class=\"wpcf7-list-item-label\">I accept the privacy policy.*<\/span><\/label><\/span><\/span><\/span><span class=\"wpcf7-form-control-wrap hirlevel\"><span class=\"wpcf7-form-control wpcf7-checkbox\"><span class=\"wpcf7-list-item first last\"><label><input type=\"checkbox\" name=\"hirlevel[]\" value=\"I subscribe to the newsletter.\" \/><span class=\"wpcf7-list-item-label\">I subscribe to the newsletter.<\/span><\/label><\/span><\/span><\/span>\n    <\/div>\n<\/div>\n\n<p><input type=\"submit\" value=\"Send\" class=\"wpcf7-form-control wpcf7-submit\" \/><\/p>\n<div class=\"wpcf7-response-output\" role=\"alert\" aria-hidden=\"true\"><\/div><\/form><\/div>[\/vc_column][\/vc_row][\/vc_section][vc_row full_width=&#8221;stretch_row_content_no_spaces&#8221;][vc_column][vc_raw_html]JTVCdWx0aW1hdGVfbWFwcyUyMGlkJTNEJTIyMSUyMiU1RA==[\/vc_raw_html][\/vc_column][\/vc_row]<\/p>\n","protected":false},"excerpt":{"rendered":"<p>[vc_row full_width=&#8221;stretch_row_content_no_spaces&#8221; bg_overlay=&#8221;half&#8221; css=&#8221;.vc_custom_1597930412364{padding-top: 180px !important;padding-bottom: 50px !important;background-image: url(https:\/\/markhazipalinka.hu\/wp-content\/uploads\/2020\/08\/DSC_0393-1-1_1920_wide.jpg?id=9781) !important;background-position: center !important;background-repeat: no-repeat !important;background-size: cover !important;}&#8221;][vc_column][vc_custom_heading text=&#8221;Contact&#8221; font_container=&#8221;tag:h1|text_align:center|color:%23ffffff&#8221;][vc_separator color=&#8221;white&#8221; el_width=&#8221;20&#8243; css=&#8221;.vc_custom_1597668413472{padding-top: 0px !important;padding-bottom: 0px !important;}&#8221;][vc_custom_heading text=&#8221;M\u00e1rkh\u00e1zi P\u00e1linka&#8221; font_container=&#8221;tag:h2|text_align:center|color:%23ffffff&#8221; css=&#8221;.vc_custom_1597668563339{margin-top: 0px !important;padding-top: 20px !important;}&#8221;][\/vc_column][\/vc_row][vc_section css=&#8221;.vc_custom_1598014403320{margin-right: 0px !important;margin-left: 0px !important;padding-right: 0px !important;padding-left: 0px !important;}&#8221;][vc_row gap=&#8221;10&#8243; equal_height=&#8221;yes&#8221; content_placement=&#8221;top&#8221; css=&#8221;.vc_custom_1598014434563{padding-top: 60px !important;padding-right: 0px !important;padding-bottom: 60px !important;padding-left: 0px !important;background-image: url(https:\/\/markhazipalinka.hu\/wp-content\/uploads\/2018\/02\/Harom-hordo2.png?id=9743) !important;}&#8221; el_class=&#8221;kapcsolatblock&#8221;][vc_column text_align=&#8221;center-sm-ms&#8221; offset=&#8221;vc_col-lg-offset-1 vc_col-lg-5 vc_col-md-6 vc_col-sm-offset-0 vc_col-xs-12&#8243;][\/vc_column][vc_column offset=&#8221;vc_col-lg-5 vc_col-md-6 vc_col-xs-12&#8243; css=&#8221;.vc_custom_1598014634878{margin-right: 0px !important;margin-left: 0px !important;padding-right: 0px !important;padding-left: 0px !important;}&#8221;][\/vc_column][\/vc_row][\/vc_section][vc_row full_width=&#8221;stretch_row_content_no_spaces&#8221;][vc_column][vc_raw_html]JTVCdWx0aW1hdGVfbWFwcyUyMGlkJTNEJTIyMSUyMiU1RA==[\/vc_raw_html][\/vc_column][\/vc_row]<\/p>\n","protected":false},"author":1,"featured_media":0,"parent":0,"menu_order":0,"comment_status":"closed","ping_status":"closed","template":"page-templates\/full-width.php","meta":{"inline_featured_image":false,"footnotes":""},"yoast_head":"<!-- This site is optimized with the Yoast SEO plugin v22.0 - https:\/\/yoast.com\/wordpress\/plugins\/seo\/ -->\n<title>Contact - M\u00e1rkh\u00e1zi P\u00e1linka<\/title>\n<meta name=\"robots\" content=\"index, follow, max-snippet:-1, max-image-preview:large, max-video-preview:-1\" \/>\n<link rel=\"canonical\" href=\"https:\/\/markhazipalinka.hu\/en\/contact\/\" \/>\n<meta property=\"og:locale\" content=\"en_US\" \/>\n<meta property=\"og:type\" content=\"article\" \/>\n<meta property=\"og:title\" content=\"Contact - M\u00e1rkh\u00e1zi P\u00e1linka\" \/>\n<meta property=\"og:description\" content=\"[vc_row full_width=&#8221;stretch_row_content_no_spaces&#8221; bg_overlay=&#8221;half&#8221; css=&#8221;.vc_custom_1597930412364{padding-top: 180px !important;padding-bottom: 50px !important;background-image: url(https:\/\/markhazipalinka.hu\/wp-content\/uploads\/2020\/08\/DSC_0393-1-1_1920_wide.jpg?id=9781) !important;background-position: center !important;background-repeat: no-repeat !important;background-size: cover !important;}&#8221;][vc_column][vc_custom_heading text=&#8221;Contact&#8221; font_container=&#8221;tag:h1|text_align:center|color:%23ffffff&#8221;][vc_separator color=&#8221;white&#8221; el_width=&#8221;20&#8243; css=&#8221;.vc_custom_1597668413472{padding-top: 0px !important;padding-bottom: 0px !important;}&#8221;][vc_custom_heading text=&#8221;M\u00e1rkh\u00e1zi P\u00e1linka&#8221; font_container=&#8221;tag:h2|text_align:center|color:%23ffffff&#8221; css=&#8221;.vc_custom_1597668563339{margin-top: 0px !important;padding-top: 20px !important;}&#8221;][\/vc_column][\/vc_row][vc_section css=&#8221;.vc_custom_1598014403320{margin-right: 0px !important;margin-left: 0px !important;padding-right: 0px !important;padding-left: 0px !important;}&#8221;][vc_row gap=&#8221;10&#8243; equal_height=&#8221;yes&#8221; content_placement=&#8221;top&#8221; css=&#8221;.vc_custom_1598014434563{padding-top: 60px !important;padding-right: 0px !important;padding-bottom: 60px !important;padding-left: 0px !important;background-image: url(https:\/\/markhazipalinka.hu\/wp-content\/uploads\/2018\/02\/Harom-hordo2.png?id=9743) !important;}&#8221; el_class=&#8221;kapcsolatblock&#8221;][vc_column text_align=&#8221;center-sm-ms&#8221; offset=&#8221;vc_col-lg-offset-1 vc_col-lg-5 vc_col-md-6 vc_col-sm-offset-0 vc_col-xs-12&#8243;][\/vc_column][vc_column offset=&#8221;vc_col-lg-5 vc_col-md-6 vc_col-xs-12&#8243; css=&#8221;.vc_custom_1598014634878{margin-right: 0px !important;margin-left: 0px !important;padding-right: 0px !important;padding-left: 0px !important;}&#8221;][\/vc_column][\/vc_row][\/vc_section][vc_row full_width=&#8221;stretch_row_content_no_spaces&#8221;][vc_column][vc_raw_html]JTVCdWx0aW1hdGVfbWFwcyUyMGlkJTNEJTIyMSUyMiU1RA==[\/vc_raw_html][\/vc_column][\/vc_row]\" \/>\n<meta property=\"og:url\" content=\"https:\/\/markhazipalinka.hu\/en\/contact\/\" \/>\n<meta property=\"og:site_name\" content=\"M\u00e1rkh\u00e1zi P\u00e1linka\" \/>\n<meta property=\"article:modified_time\" content=\"2020-11-11T09:55:45+00:00\" \/>\n<meta name=\"twitter:card\" content=\"summary_large_image\" \/>\n<meta name=\"twitter:label1\" content=\"Est. reading time\" \/>\n\t<meta name=\"twitter:data1\" content=\"2 minutes\" \/>\n<script type=\"application\/ld+json\" class=\"yoast-schema-graph\">{\"@context\":\"https:\/\/schema.org\",\"@graph\":[{\"@type\":\"WebPage\",\"@id\":\"https:\/\/markhazipalinka.hu\/en\/contact\/\",\"url\":\"https:\/\/markhazipalinka.hu\/en\/contact\/\",\"name\":\"Contact - M\u00e1rkh\u00e1zi P\u00e1linka\",\"isPartOf\":{\"@id\":\"https:\/\/markhazipalinka.hu\/#website\"},\"datePublished\":\"2017-05-17T20:05:52+00:00\",\"dateModified\":\"2020-11-11T09:55:45+00:00\",\"breadcrumb\":{\"@id\":\"https:\/\/markhazipalinka.hu\/en\/contact\/#breadcrumb\"},\"inLanguage\":\"en-US\",\"potentialAction\":[{\"@type\":\"ReadAction\",\"target\":[\"https:\/\/markhazipalinka.hu\/en\/contact\/\"]}]},{\"@type\":\"BreadcrumbList\",\"@id\":\"https:\/\/markhazipalinka.hu\/en\/contact\/#breadcrumb\",\"itemListElement\":[{\"@type\":\"ListItem\",\"position\":1,\"name\":\"Kezd\u0151lap\",\"item\":\"https:\/\/markhazipalinka.hu\/en\/\"},{\"@type\":\"ListItem\",\"position\":2,\"name\":\"Contact\"}]},{\"@type\":\"WebSite\",\"@id\":\"https:\/\/markhazipalinka.hu\/#website\",\"url\":\"https:\/\/markhazipalinka.hu\/\",\"name\":\"M\u00e1rkh\u00e1zi P\u00e1linka\",\"description\":\"Quality Hungarian palinka spirits\",\"potentialAction\":[{\"@type\":\"SearchAction\",\"target\":{\"@type\":\"EntryPoint\",\"urlTemplate\":\"https:\/\/markhazipalinka.hu\/?s={search_term_string}\"},\"query-input\":\"required name=search_term_string\"}],\"inLanguage\":\"en-US\"}]}<\/script>\n<!-- \/ Yoast SEO plugin. -->","yoast_head_json":{"title":"Contact - M\u00e1rkh\u00e1zi P\u00e1linka","robots":{"index":"index","follow":"follow","max-snippet":"max-snippet:-1","max-image-preview":"max-image-preview:large","max-video-preview":"max-video-preview:-1"},"canonical":"https:\/\/markhazipalinka.hu\/en\/contact\/","og_locale":"en_US","og_type":"article","og_title":"Contact - M\u00e1rkh\u00e1zi P\u00e1linka","og_description":"[vc_row full_width=&#8221;stretch_row_content_no_spaces&#8221; bg_overlay=&#8221;half&#8221; css=&#8221;.vc_custom_1597930412364{padding-top: 180px !important;padding-bottom: 50px !important;background-image: url(https:\/\/markhazipalinka.hu\/wp-content\/uploads\/2020\/08\/DSC_0393-1-1_1920_wide.jpg?id=9781) !important;background-position: center !important;background-repeat: no-repeat !important;background-size: cover !important;}&#8221;][vc_column][vc_custom_heading text=&#8221;Contact&#8221; font_container=&#8221;tag:h1|text_align:center|color:%23ffffff&#8221;][vc_separator color=&#8221;white&#8221; el_width=&#8221;20&#8243; css=&#8221;.vc_custom_1597668413472{padding-top: 0px !important;padding-bottom: 0px !important;}&#8221;][vc_custom_heading text=&#8221;M\u00e1rkh\u00e1zi P\u00e1linka&#8221; font_container=&#8221;tag:h2|text_align:center|color:%23ffffff&#8221; css=&#8221;.vc_custom_1597668563339{margin-top: 0px !important;padding-top: 20px !important;}&#8221;][\/vc_column][\/vc_row][vc_section css=&#8221;.vc_custom_1598014403320{margin-right: 0px !important;margin-left: 0px !important;padding-right: 0px !important;padding-left: 0px !important;}&#8221;][vc_row gap=&#8221;10&#8243; equal_height=&#8221;yes&#8221; content_placement=&#8221;top&#8221; css=&#8221;.vc_custom_1598014434563{padding-top: 60px !important;padding-right: 0px !important;padding-bottom: 60px !important;padding-left: 0px !important;background-image: url(https:\/\/markhazipalinka.hu\/wp-content\/uploads\/2018\/02\/Harom-hordo2.png?id=9743) !important;}&#8221; el_class=&#8221;kapcsolatblock&#8221;][vc_column text_align=&#8221;center-sm-ms&#8221; offset=&#8221;vc_col-lg-offset-1 vc_col-lg-5 vc_col-md-6 vc_col-sm-offset-0 vc_col-xs-12&#8243;][\/vc_column][vc_column offset=&#8221;vc_col-lg-5 vc_col-md-6 vc_col-xs-12&#8243; css=&#8221;.vc_custom_1598014634878{margin-right: 0px !important;margin-left: 0px !important;padding-right: 0px !important;padding-left: 0px !important;}&#8221;][\/vc_column][\/vc_row][\/vc_section][vc_row full_width=&#8221;stretch_row_content_no_spaces&#8221;][vc_column][vc_raw_html]JTVCdWx0aW1hdGVfbWFwcyUyMGlkJTNEJTIyMSUyMiU1RA==[\/vc_raw_html][\/vc_column][\/vc_row]","og_url":"https:\/\/markhazipalinka.hu\/en\/contact\/","og_site_name":"M\u00e1rkh\u00e1zi P\u00e1linka","article_modified_time":"2020-11-11T09:55:45+00:00","twitter_card":"summary_large_image","twitter_misc":{"Est. reading time":"2 minutes"},"schema":{"@context":"https:\/\/schema.org","@graph":[{"@type":"WebPage","@id":"https:\/\/markhazipalinka.hu\/en\/contact\/","url":"https:\/\/markhazipalinka.hu\/en\/contact\/","name":"Contact - M\u00e1rkh\u00e1zi P\u00e1linka","isPartOf":{"@id":"https:\/\/markhazipalinka.hu\/#website"},"datePublished":"2017-05-17T20:05:52+00:00","dateModified":"2020-11-11T09:55:45+00:00","breadcrumb":{"@id":"https:\/\/markhazipalinka.hu\/en\/contact\/#breadcrumb"},"inLanguage":"en-US","potentialAction":[{"@type":"ReadAction","target":["https:\/\/markhazipalinka.hu\/en\/contact\/"]}]},{"@type":"BreadcrumbList","@id":"https:\/\/markhazipalinka.hu\/en\/contact\/#breadcrumb","itemListElement":[{"@type":"ListItem","position":1,"name":"Kezd\u0151lap","item":"https:\/\/markhazipalinka.hu\/en\/"},{"@type":"ListItem","position":2,"name":"Contact"}]},{"@type":"WebSite","@id":"https:\/\/markhazipalinka.hu\/#website","url":"https:\/\/markhazipalinka.hu\/","name":"M\u00e1rkh\u00e1zi P\u00e1linka","description":"Quality Hungarian palinka spirits","potentialAction":[{"@type":"SearchAction","target":{"@type":"EntryPoint","urlTemplate":"https:\/\/markhazipalinka.hu\/?s={search_term_string}"},"query-input":"required name=search_term_string"}],"inLanguage":"en-US"}]}},"_links":{"self":[{"href":"https:\/\/markhazipalinka.hu\/en\/wp-json\/wp\/v2\/pages\/10243\/"}],"collection":[{"href":"https:\/\/markhazipalinka.hu\/en\/wp-json\/wp\/v2\/pages\/"}],"about":[{"href":"https:\/\/markhazipalinka.hu\/en\/wp-json\/wp\/v2\/types\/page\/"}],"author":[{"embeddable":true,"href":"https:\/\/markhazipalinka.hu\/en\/wp-json\/wp\/v2\/users\/1\/"}],"replies":[{"embeddable":true,"href":"https:\/\/markhazipalinka.hu\/en\/wp-json\/wp\/v2\/comments\/?post=10243"}],"version-history":[{"count":8,"href":"https:\/\/markhazipalinka.hu\/en\/wp-json\/wp\/v2\/pages\/10243\/revisions\/"}],"predecessor-version":[{"id":10523,"href":"https:\/\/markhazipalinka.hu\/en\/wp-json\/wp\/v2\/pages\/10243\/revisions\/10523\/"}],"wp:attachment":[{"href":"https:\/\/markhazipalinka.hu\/en\/wp-json\/wp\/v2\/media\/?parent=10243"}],"curies":[{"name":"wp","href":"https:\/\/api.w.org\/{rel}","templated":true}]}}