{"id":10291,"date":"2020-08-21T11:03:59","date_gmt":"2020-08-21T11:03:59","guid":{"rendered":"https:\/\/markhazipalinka.hu\/hirlevel-feliratkozas\/sikeres-feliratkozas\/"},"modified":"2020-10-29T15:16:39","modified_gmt":"2020-10-29T14:16:39","slug":"successfully-subscribed","status":"publish","type":"page","link":"https:\/\/markhazipalinka.hu\/en\/newsletter-subscription\/successfully-subscribed\/","title":{"rendered":"Successfully subscribed"},"content":{"rendered":"<p>[vc_row full_width=&#8221;stretch_row_content_no_spaces&#8221; full_height=&#8221;yes&#8221; equal_height=&#8221;yes&#8221; content_placement=&#8221;middle&#8221; bg_overlay=&#8221;half&#8221; css=&#8221;.vc_custom_1598015145551{padding-top: 180px !important;padding-bottom: 50px !important;background-image: url(https:\/\/markhazipalinka.hu\/wp-content\/uploads\/2020\/08\/berfozes_bg.jpg?id=9740) !important;background-position: center !important;background-repeat: no-repeat !important;background-size: cover !important;}&#8221;][vc_column width=&#8221;1\/3&#8243; offset=&#8221;vc_col-md-offset-0 vc_col-md-1\/5 vc_col-sm-offset-4 vc_col-xs-offset-4 vc_col-xs-4&#8243;][vc_single_image image=&#8221;9737&#8243; img_size=&#8221;large&#8221; alignment=&#8221;center&#8221; css_animation=&#8221;fadeInUpBig&#8221;][\/vc_column][vc_column width=&#8221;2\/3&#8243; offset=&#8221;vc_col-lg-offset-1 vc_col-lg-3\/5 vc_col-md-offset-0 vc_col-md-4\/5 vc_col-sm-offset-2 vc_col-xs-12&#8243;][vc_column_text]<\/p>\n<h1 style=\"color: #e8b750 !important; text-align: left;\">You have successfully subscribed to our newsletter!<\/h1>\n<p>[\/vc_column_text][vc_empty_space][vc_separator color=&#8221;white&#8221; align=&#8221;align_left&#8221; el_width=&#8221;20&#8243; css=&#8221;.vc_custom_1598015182909{padding-top: 0px !important;padding-bottom: 0px !important;}&#8221;][vc_empty_space][vc_column_text]<\/p>\n<h2 style=\"color: white; text-align: left;\">Now you will be informed about our news, actualities, promotions at first hand.<\/h2>\n<p>[\/vc_column_text][\/vc_column][\/vc_row]<\/p>\n","protected":false},"excerpt":{"rendered":"<p>[vc_row full_width=&#8221;stretch_row_content_no_spaces&#8221; full_height=&#8221;yes&#8221; equal_height=&#8221;yes&#8221; content_placement=&#8221;middle&#8221; bg_overlay=&#8221;half&#8221; css=&#8221;.vc_custom_1598015145551{padding-top: 180px !important;padding-bottom: 50px !important;background-image: url(https:\/\/markhazipalinka.hu\/wp-content\/uploads\/2020\/08\/berfozes_bg.jpg?id=9740) !important;background-position: center !important;background-repeat: no-repeat !important;background-size: cover !important;}&#8221;][vc_column width=&#8221;1\/3&#8243; offset=&#8221;vc_col-md-offset-0 vc_col-md-1\/5 vc_col-sm-offset-4 vc_col-xs-offset-4 vc_col-xs-4&#8243;][vc_single_image image=&#8221;9737&#8243; img_size=&#8221;large&#8221; alignment=&#8221;center&#8221; css_animation=&#8221;fadeInUpBig&#8221;][\/vc_column][vc_column width=&#8221;2\/3&#8243; offset=&#8221;vc_col-lg-offset-1 vc_col-lg-3\/5 vc_col-md-offset-0 vc_col-md-4\/5 vc_col-sm-offset-2 vc_col-xs-12&#8243;][vc_column_text] You have successfully subscribed to our newsletter! [\/vc_column_text][vc_empty_space][vc_separator color=&#8221;white&#8221; align=&#8221;align_left&#8221; el_width=&#8221;20&#8243; css=&#8221;.vc_custom_1598015182909{padding-top: 0px !important;padding-bottom: 0px !important;}&#8221;][vc_empty_space][vc_column_text] Now you will be informed about our news, actualities, promotions at first hand. [\/vc_column_text][\/vc_column][\/vc_row]<\/p>\n","protected":false},"author":1,"featured_media":0,"parent":10289,"menu_order":0,"comment_status":"closed","ping_status":"closed","template":"page-templates\/full-width.php","meta":{"inline_featured_image":false,"footnotes":""},"yoast_head":"<!-- This site is optimized with the Yoast SEO plugin v22.0 - https:\/\/yoast.com\/wordpress\/plugins\/seo\/ -->\n<title>Successfully subscribed - M\u00e1rkh\u00e1zi P\u00e1linka<\/title>\n<meta name=\"robots\" content=\"index, follow, max-snippet:-1, max-image-preview:large, max-video-preview:-1\" \/>\n<link rel=\"canonical\" href=\"https:\/\/markhazipalinka.hu\/en\/newsletter-subscription\/successfully-subscribed\/\" \/>\n<meta property=\"og:locale\" content=\"en_US\" \/>\n<meta property=\"og:type\" content=\"article\" \/>\n<meta property=\"og:title\" content=\"Successfully subscribed - M\u00e1rkh\u00e1zi P\u00e1linka\" \/>\n<meta property=\"og:description\" content=\"[vc_row full_width=&#8221;stretch_row_content_no_spaces&#8221; full_height=&#8221;yes&#8221; equal_height=&#8221;yes&#8221; content_placement=&#8221;middle&#8221; bg_overlay=&#8221;half&#8221; css=&#8221;.vc_custom_1598015145551{padding-top: 180px !important;padding-bottom: 50px !important;background-image: url(https:\/\/markhazipalinka.hu\/wp-content\/uploads\/2020\/08\/berfozes_bg.jpg?id=9740) !important;background-position: center !important;background-repeat: no-repeat !important;background-size: cover !important;}&#8221;][vc_column width=&#8221;1\/3&#8243; offset=&#8221;vc_col-md-offset-0 vc_col-md-1\/5 vc_col-sm-offset-4 vc_col-xs-offset-4 vc_col-xs-4&#8243;][vc_single_image image=&#8221;9737&#8243; img_size=&#8221;large&#8221; alignment=&#8221;center&#8221; css_animation=&#8221;fadeInUpBig&#8221;][\/vc_column][vc_column width=&#8221;2\/3&#8243; offset=&#8221;vc_col-lg-offset-1 vc_col-lg-3\/5 vc_col-md-offset-0 vc_col-md-4\/5 vc_col-sm-offset-2 vc_col-xs-12&#8243;][vc_column_text] You have successfully subscribed to our newsletter! [\/vc_column_text][vc_empty_space][vc_separator color=&#8221;white&#8221; align=&#8221;align_left&#8221; el_width=&#8221;20&#8243; css=&#8221;.vc_custom_1598015182909{padding-top: 0px !important;padding-bottom: 0px !important;}&#8221;][vc_empty_space][vc_column_text] Now you will be informed about our news, actualities, promotions at first hand. [\/vc_column_text][\/vc_column][\/vc_row]\" \/>\n<meta property=\"og:url\" content=\"https:\/\/markhazipalinka.hu\/en\/newsletter-subscription\/successfully-subscribed\/\" \/>\n<meta property=\"og:site_name\" content=\"M\u00e1rkh\u00e1zi P\u00e1linka\" \/>\n<meta property=\"article:modified_time\" content=\"2020-10-29T14:16:39+00:00\" \/>\n<meta name=\"twitter:card\" content=\"summary_large_image\" \/>\n<meta name=\"twitter:label1\" content=\"Est. reading time\" \/>\n\t<meta name=\"twitter:data1\" content=\"1 minute\" \/>\n<script type=\"application\/ld+json\" class=\"yoast-schema-graph\">{\"@context\":\"https:\/\/schema.org\",\"@graph\":[{\"@type\":\"WebPage\",\"@id\":\"https:\/\/markhazipalinka.hu\/en\/newsletter-subscription\/successfully-subscribed\/\",\"url\":\"https:\/\/markhazipalinka.hu\/en\/newsletter-subscription\/successfully-subscribed\/\",\"name\":\"Successfully subscribed - M\u00e1rkh\u00e1zi P\u00e1linka\",\"isPartOf\":{\"@id\":\"https:\/\/markhazipalinka.hu\/#website\"},\"datePublished\":\"2020-08-21T11:03:59+00:00\",\"dateModified\":\"2020-10-29T14:16:39+00:00\",\"breadcrumb\":{\"@id\":\"https:\/\/markhazipalinka.hu\/en\/newsletter-subscription\/successfully-subscribed\/#breadcrumb\"},\"inLanguage\":\"en-US\",\"potentialAction\":[{\"@type\":\"ReadAction\",\"target\":[\"https:\/\/markhazipalinka.hu\/en\/newsletter-subscription\/successfully-subscribed\/\"]}]},{\"@type\":\"BreadcrumbList\",\"@id\":\"https:\/\/markhazipalinka.hu\/en\/newsletter-subscription\/successfully-subscribed\/#breadcrumb\",\"itemListElement\":[{\"@type\":\"ListItem\",\"position\":1,\"name\":\"Kezd\u0151lap\",\"item\":\"https:\/\/markhazipalinka.hu\/en\/\"},{\"@type\":\"ListItem\",\"position\":2,\"name\":\"Newsletter subscription\",\"item\":\"https:\/\/markhazipalinka.hu\/en\/hirlevel-feliratkozas\/\"},{\"@type\":\"ListItem\",\"position\":3,\"name\":\"Successfully subscribed\"}]},{\"@type\":\"WebSite\",\"@id\":\"https:\/\/markhazipalinka.hu\/#website\",\"url\":\"https:\/\/markhazipalinka.hu\/\",\"name\":\"M\u00e1rkh\u00e1zi P\u00e1linka\",\"description\":\"Quality Hungarian palinka spirits\",\"potentialAction\":[{\"@type\":\"SearchAction\",\"target\":{\"@type\":\"EntryPoint\",\"urlTemplate\":\"https:\/\/markhazipalinka.hu\/?s={search_term_string}\"},\"query-input\":\"required name=search_term_string\"}],\"inLanguage\":\"en-US\"}]}<\/script>\n<!-- \/ Yoast SEO plugin. -->","yoast_head_json":{"title":"Successfully subscribed - M\u00e1rkh\u00e1zi P\u00e1linka","robots":{"index":"index","follow":"follow","max-snippet":"max-snippet:-1","max-image-preview":"max-image-preview:large","max-video-preview":"max-video-preview:-1"},"canonical":"https:\/\/markhazipalinka.hu\/en\/newsletter-subscription\/successfully-subscribed\/","og_locale":"en_US","og_type":"article","og_title":"Successfully subscribed - M\u00e1rkh\u00e1zi P\u00e1linka","og_description":"[vc_row full_width=&#8221;stretch_row_content_no_spaces&#8221; full_height=&#8221;yes&#8221; equal_height=&#8221;yes&#8221; content_placement=&#8221;middle&#8221; bg_overlay=&#8221;half&#8221; css=&#8221;.vc_custom_1598015145551{padding-top: 180px !important;padding-bottom: 50px !important;background-image: url(https:\/\/markhazipalinka.hu\/wp-content\/uploads\/2020\/08\/berfozes_bg.jpg?id=9740) !important;background-position: center !important;background-repeat: no-repeat !important;background-size: cover !important;}&#8221;][vc_column width=&#8221;1\/3&#8243; offset=&#8221;vc_col-md-offset-0 vc_col-md-1\/5 vc_col-sm-offset-4 vc_col-xs-offset-4 vc_col-xs-4&#8243;][vc_single_image image=&#8221;9737&#8243; img_size=&#8221;large&#8221; alignment=&#8221;center&#8221; css_animation=&#8221;fadeInUpBig&#8221;][\/vc_column][vc_column width=&#8221;2\/3&#8243; offset=&#8221;vc_col-lg-offset-1 vc_col-lg-3\/5 vc_col-md-offset-0 vc_col-md-4\/5 vc_col-sm-offset-2 vc_col-xs-12&#8243;][vc_column_text] You have successfully subscribed to our newsletter! [\/vc_column_text][vc_empty_space][vc_separator color=&#8221;white&#8221; align=&#8221;align_left&#8221; el_width=&#8221;20&#8243; css=&#8221;.vc_custom_1598015182909{padding-top: 0px !important;padding-bottom: 0px !important;}&#8221;][vc_empty_space][vc_column_text] Now you will be informed about our news, actualities, promotions at first hand. [\/vc_column_text][\/vc_column][\/vc_row]","og_url":"https:\/\/markhazipalinka.hu\/en\/newsletter-subscription\/successfully-subscribed\/","og_site_name":"M\u00e1rkh\u00e1zi P\u00e1linka","article_modified_time":"2020-10-29T14:16:39+00:00","twitter_card":"summary_large_image","twitter_misc":{"Est. reading time":"1 minute"},"schema":{"@context":"https:\/\/schema.org","@graph":[{"@type":"WebPage","@id":"https:\/\/markhazipalinka.hu\/en\/newsletter-subscription\/successfully-subscribed\/","url":"https:\/\/markhazipalinka.hu\/en\/newsletter-subscription\/successfully-subscribed\/","name":"Successfully subscribed - M\u00e1rkh\u00e1zi P\u00e1linka","isPartOf":{"@id":"https:\/\/markhazipalinka.hu\/#website"},"datePublished":"2020-08-21T11:03:59+00:00","dateModified":"2020-10-29T14:16:39+00:00","breadcrumb":{"@id":"https:\/\/markhazipalinka.hu\/en\/newsletter-subscription\/successfully-subscribed\/#breadcrumb"},"inLanguage":"en-US","potentialAction":[{"@type":"ReadAction","target":["https:\/\/markhazipalinka.hu\/en\/newsletter-subscription\/successfully-subscribed\/"]}]},{"@type":"BreadcrumbList","@id":"https:\/\/markhazipalinka.hu\/en\/newsletter-subscription\/successfully-subscribed\/#breadcrumb","itemListElement":[{"@type":"ListItem","position":1,"name":"Kezd\u0151lap","item":"https:\/\/markhazipalinka.hu\/en\/"},{"@type":"ListItem","position":2,"name":"Newsletter subscription","item":"https:\/\/markhazipalinka.hu\/en\/hirlevel-feliratkozas\/"},{"@type":"ListItem","position":3,"name":"Successfully subscribed"}]},{"@type":"WebSite","@id":"https:\/\/markhazipalinka.hu\/#website","url":"https:\/\/markhazipalinka.hu\/","name":"M\u00e1rkh\u00e1zi P\u00e1linka","description":"Quality Hungarian palinka spirits","potentialAction":[{"@type":"SearchAction","target":{"@type":"EntryPoint","urlTemplate":"https:\/\/markhazipalinka.hu\/?s={search_term_string}"},"query-input":"required name=search_term_string"}],"inLanguage":"en-US"}]}},"_links":{"self":[{"href":"https:\/\/markhazipalinka.hu\/en\/wp-json\/wp\/v2\/pages\/10291\/"}],"collection":[{"href":"https:\/\/markhazipalinka.hu\/en\/wp-json\/wp\/v2\/pages\/"}],"about":[{"href":"https:\/\/markhazipalinka.hu\/en\/wp-json\/wp\/v2\/types\/page\/"}],"author":[{"embeddable":true,"href":"https:\/\/markhazipalinka.hu\/en\/wp-json\/wp\/v2\/users\/1\/"}],"replies":[{"embeddable":true,"href":"https:\/\/markhazipalinka.hu\/en\/wp-json\/wp\/v2\/comments\/?post=10291"}],"version-history":[{"count":3,"href":"https:\/\/markhazipalinka.hu\/en\/wp-json\/wp\/v2\/pages\/10291\/revisions\/"}],"predecessor-version":[{"id":10295,"href":"https:\/\/markhazipalinka.hu\/en\/wp-json\/wp\/v2\/pages\/10291\/revisions\/10295\/"}],"up":[{"embeddable":true,"href":"https:\/\/markhazipalinka.hu\/en\/wp-json\/wp\/v2\/pages\/10289\/"}],"wp:attachment":[{"href":"https:\/\/markhazipalinka.hu\/en\/wp-json\/wp\/v2\/media\/?parent=10291"}],"curies":[{"name":"wp","href":"https:\/\/api.w.org\/{rel}","templated":true}]}}