{"id":10337,"date":"2020-08-19T16:16:33","date_gmt":"2020-08-19T16:16:33","guid":{"rendered":"https:\/\/markhazipalinka.hu\/berfozes\/"},"modified":"2020-10-30T12:21:56","modified_gmt":"2020-10-30T11:21:56","slug":"private-production","status":"publish","type":"page","link":"https:\/\/markhazipalinka.hu\/en\/private-production\/","title":{"rendered":"Our Services"},"content":{"rendered":"<p>[vc_row full_width=&#8221;stretch_row_content_no_spaces&#8221; parallax=&#8221;content-moving&#8221; parallax_image=&#8221;9620&#8243; bg_overlay=&#8221;half&#8221; css=&#8221;.vc_custom_1598266938134{padding-top: 180px !important;padding-bottom: 50px !important;background-image: url(https:\/\/markhazipalinka.hu\/wp-content\/uploads\/2020\/08\/Markhazi-indexbginverz3.jpg?id=9620) !important;background-position: center;background-repeat: no-repeat;background-size: cover !important;}&#8221;][vc_column][vc_custom_heading text=&#8221;Our services&#8221; font_container=&#8221;tag:h1|text_align:center|color:%23ffffff&#8221;][vc_separator color=&#8221;white&#8221; el_width=&#8221;20&#8243; css=&#8221;.vc_custom_1597668413472{padding-top: 0px !important;padding-bottom: 0px !important;}&#8221;][vc_custom_heading text=&#8221;M\u00e1rkh\u00e1zi Palinka&#8221; font_container=&#8221;tag:h2|text_align:center|color:%23ffffff&#8221; css=&#8221;.vc_custom_1604056881509{margin-top: 0px !important;padding-top: 20px !important;}&#8221;][vc_btn title=&#8221;Conact&#8221; align=&#8221;center&#8221; el_class=&#8221;markbutton&#8221; link=&#8221;url:%23kapcsolat|||&#8221;][\/vc_column][\/vc_row][vc_row full_width=&#8221;stretch_row_content&#8221; gap=&#8221;35&#8243; css=&#8221;.vc_custom_1598101390063{padding-top: 40px !important;padding-right: 25px !important;padding-bottom: 40px !important;padding-left: 25px !important;background-position: center !important;background-repeat: no-repeat !important;background-size: cover !important;}&#8221; el_class=&#8221;berfozes_1zona&#8221;][vc_column]<div class=\"es-resp\">\t<div class=\"visible-xl\" style=\"height: 20px;\"><\/div>\t<div class=\"hidden-xl hidden-md hidden-sm hidden-ms hidden-xs\" style=\"height: 20px;\"><\/div>\t<div class=\"visible-md\" style=\"height: 20px;\"><\/div>\t<div class=\"visible-sm \" style=\"height: 20px;\"><\/div>\t<div class=\"visible-ms\" style=\"height: 20px;\"><\/div>\t<div class=\"visible-xs\" style=\"height: 20px;\"><\/div><\/div>[vc_custom_heading text=&#8221;Our distillery offers various and high-quality services to the lovers of national palinka spirits&#8221; font_container=&#8221;tag:h2|text_align:center&#8221; css=&#8221;.vc_custom_1604056713346{padding-bottom: 40px !important;}&#8221; el_class=&#8221;zona_1_head&#8221;]<div class=\"es-resp\">\t<div class=\"visible-xl\" style=\"height: 20px;\"><\/div>\t<div class=\"hidden-xl hidden-md hidden-sm hidden-ms hidden-xs\" style=\"height: 20px;\"><\/div>\t<div class=\"visible-md\" style=\"height: 20px;\"><\/div>\t<div class=\"visible-sm \" style=\"height: 20px;\"><\/div>\t<div class=\"visible-ms\" style=\"height: 20px;\"><\/div>\t<div class=\"visible-xs\" style=\"height: 20px;\"><\/div><\/div><div class=\"ltx-content-width col-align-center\" id=\"like_sc_content_width_1210077127\" style=\"max-width: 1400px\"><div class=\"ltx-wrapper\">[vc_row_inner][vc_column_inner width=&#8221;1\/2&#8243;]<ul class=\"ltx-block-icon  has-descr  icons-count-1 align-center ltx-icon-color-main ltx-icon-size-default ltx-header-color-default ltx-icon-type-circle ltx-bg-color-transparent layout-cols4 ltx-icon-top  row centered\"  id=\"like_sc_block_icon_1504147479\"><li class=\" col-lg-3 col-md-6 col-sm-6 col-ms-12 col-xs-12 ltx-icon-image\" ><div  data-mh=\"ltx-block-icon-in-1955\" class=\"in matchHeight\"><span class=\"ltx-icon ltx-icon-image bg-transparent\" data-mh=\"ltx-icon-span-like_sc_block_icon_1504147479\"><img decoding=\"async\" src=\"https:\/\/markhazipalinka.hu\/wp-content\/uploads\/2020\/09\/Asset1-tall.png\" class=\"ltx-icon-image\" alt=\"Private production\"><\/span> <h5 class=\"header\"> Private production <\/h5> <div class=\"descr\">Our distillery not only produces its own product but also serves the needs of the people living in the region. Thanks to our technology development, as of 2020 we can distill 100l of mash guaranteeing to have your mash distilled only which will be not mixed with other people\u2019s mash. <\/div><\/div><\/li><\/ul>[\/vc_column_inner][vc_column_inner width=&#8221;1\/2&#8243;]<ul class=\"ltx-block-icon  has-descr  icons-count-1 align-center ltx-icon-color-main ltx-icon-size-default ltx-header-color-default ltx-icon-type-circle ltx-bg-color-transparent layout-cols4 ltx-icon-top  row centered\"  id=\"like_sc_block_icon_1170702861\"><li class=\" col-lg-3 col-md-6 col-sm-6 col-ms-12 col-xs-12 ltx-icon-image\" ><div  data-mh=\"ltx-block-icon-in-1876\" class=\"in matchHeight\"><span class=\"ltx-icon ltx-icon-image bg-transparent\" data-mh=\"ltx-icon-span-like_sc_block_icon_1170702861\"><img decoding=\"async\" src=\"https:\/\/markhazipalinka.hu\/wp-content\/uploads\/2018\/02\/Kez-poharral.png\" class=\"ltx-icon-image\" alt=\"P\u00e1linka tasting\"><\/span> <h5 class=\"header\"> P\u00e1linka tasting <\/h5> <div class=\"descr\">We welcome p\u00e1linka lovers for our tasting events. You can taste the softness and fruitiness of M\u00e1rkh\u00e1zi P\u00e1linka Spirits. You will get to know the mystery of palinka distilling from the arrival of the fruits to the final product. Write to us at the below form and visit our distillery with your friends!<\/div><\/div><\/li><\/ul>[\/vc_column_inner][\/vc_row_inner]<\/div><\/div><div class=\"es-resp\">\t<div class=\"visible-xl\" style=\"height: 60px;\"><\/div>\t<div class=\"hidden-xl hidden-md hidden-sm hidden-ms hidden-xs\" style=\"height: 60px;\"><\/div>\t<div class=\"visible-md\" style=\"height: 60px;\"><\/div>\t<div class=\"visible-sm \" style=\"height: 60px;\"><\/div>\t<div class=\"visible-ms\" style=\"height: 60px;\"><\/div>\t<div class=\"visible-xs\" style=\"height: 60px;\"><\/div><\/div><div class=\"ltx-content-width col-align-center\" id=\"like_sc_content_width_1099800453\" style=\"max-width: 1400px\"><div class=\"ltx-wrapper\">[vc_row_inner][vc_column_inner width=&#8221;1\/2&#8243;]<ul class=\"ltx-block-icon  has-descr  icons-count-1 align-center ltx-icon-color-main ltx-icon-size-default ltx-header-color-default ltx-icon-type-circle ltx-bg-color-transparent layout-cols4 ltx-icon-top  row centered\"  id=\"like_sc_block_icon_84765913\"><li class=\" col-lg-3 col-md-6 col-sm-6 col-ms-12 col-xs-12 ltx-icon-image\" ><div  data-mh=\"ltx-block-icon-in-1067\" class=\"in matchHeight\"><span class=\"ltx-icon ltx-icon-image bg-transparent\" data-mh=\"ltx-icon-span-like_sc_block_icon_84765913\"><img decoding=\"async\" src=\"https:\/\/markhazipalinka.hu\/wp-content\/uploads\/2018\/02\/Eszkoz-2-8.png\" class=\"ltx-icon-image\" alt=\"Commercial production\"><\/span> <h5 class=\"header\"> Commercial production <\/h5> <div class=\"descr\">Our distillery not only produces its own products but also serves the needs of those restaurants, companies and wineries who would like to have their own private labelled, good quality palinka spirits. If you would like to surprise your partners,guests with your own palinka or you simply would like to widen your sortiment with a real Hungaricum, get in touch with us at one of our contact details below.<\/div><\/div><\/li><\/ul>[\/vc_column_inner][vc_column_inner width=&#8221;1\/2&#8243;]<ul class=\"ltx-block-icon  has-descr  icons-count-1 align-center ltx-icon-color-main ltx-icon-size-default ltx-header-color-default ltx-icon-type-circle ltx-bg-color-transparent layout-cols4 ltx-icon-top  row centered\"  id=\"like_sc_block_icon_1666847113\"><li class=\" col-lg-3 col-md-6 col-sm-6 col-ms-12 col-xs-12 ltx-icon-image\" ><div  data-mh=\"ltx-block-icon-in-1827\" class=\"in matchHeight\"><span class=\"ltx-icon ltx-icon-image bg-transparent\" data-mh=\"ltx-icon-span-like_sc_block_icon_1666847113\"><img decoding=\"async\" src=\"https:\/\/markhazipalinka.hu\/wp-content\/uploads\/2018\/02\/Palack-pohar.png\" class=\"ltx-icon-image\" alt=\"Trade\"><\/span> <h5 class=\"header\"> Trade <\/h5> <div class=\"descr\">Thanks to our distributor partners, we have a huge experience in serving the shops and HoReCa units. If you would like to sell Hungarian quality palinka spirits, get in touch with us for more details at one of our contact details below.<\/div><\/div><\/li><\/ul>[\/vc_column_inner][\/vc_row_inner]<\/div><\/div><div class=\"es-resp\">\t<div class=\"visible-xl\" style=\"height: 20px;\"><\/div>\t<div class=\"hidden-xl hidden-md hidden-sm hidden-ms hidden-xs\" style=\"height: 20px;\"><\/div>\t<div class=\"visible-md\" style=\"height: 20px;\"><\/div>\t<div class=\"visible-sm \" style=\"height: 20px;\"><\/div>\t<div class=\"visible-ms\" style=\"height: 20px;\"><\/div>\t<div class=\"visible-xs\" style=\"height: 20px;\"><\/div><\/div>[\/vc_column][\/vc_row][vc_row full_width=&#8221;stretch_row_content&#8221; gap=&#8221;25&#8243; equal_height=&#8221;yes&#8221; css=&#8221;.vc_custom_1598103716414{padding-top: 40px !important;}&#8221; el_class=&#8221;berfozes_formbox&#8221; el_id=&#8221;kapcsolat&#8221;][vc_column]<div class=\"ltx-content-width col-align-center\" id=\"like_sc_content_width_1222188411\" style=\"max-width: 1400px\"><div class=\"ltx-wrapper\">[vc_custom_heading text=&#8221;Would you taste our palinka spirits or would you like your own palinka spirit?&#8221;][vc_separator color=&#8221;black&#8221; align=&#8221;align_left&#8221; el_width=&#8221;60&#8243;]<div class=\"es-resp\">\t<div class=\"visible-xl\" style=\"height: 42px;\"><\/div>\t<div class=\"hidden-xl hidden-md hidden-sm hidden-ms hidden-xs\" style=\"height: 42px;\"><\/div>\t<div class=\"visible-md\" style=\"height: 42px;\"><\/div>\t<div class=\"visible-sm \" style=\"height: 42px;\"><\/div>\t<div class=\"visible-ms\" style=\"height: 42px;\"><\/div>\t<div class=\"visible-xs\" style=\"height: 42px;\"><\/div><\/div>[vc_row_inner][vc_column_inner width=&#8221;1\/2&#8243;][vc_custom_heading text=&#8221;Write to us on the form below!&#8221; font_container=&#8221;tag:h3|text_align:left|color:%23ebc26c&#8221;]<div role=\"form\" class=\"wpcf7\" id=\"wpcf7-f9898-o2\" lang=\"en-US\" dir=\"ltr\">\n<div class=\"screen-reader-response\" role=\"alert\" aria-live=\"polite\"><\/div>\n<form action=\"\/en\/wp-json\/wp\/v2\/pages\/10337\/#wpcf7-f9898-o2\" method=\"post\" class=\"wpcf7-form init wpcf7-acceptance-as-validation\" novalidate=\"novalidate\">\n<div style=\"display: none;\">\n<input type=\"hidden\" name=\"_wpcf7\" value=\"9898\" \/>\n<input type=\"hidden\" name=\"_wpcf7_version\" value=\"5.2.1\" \/>\n<input type=\"hidden\" name=\"_wpcf7_locale\" value=\"en_US\" \/>\n<input type=\"hidden\" name=\"_wpcf7_unit_tag\" value=\"wpcf7-f9898-o2\" \/>\n<input type=\"hidden\" name=\"_wpcf7_container_post\" value=\"0\" \/>\n<input type=\"hidden\" name=\"_wpcf7_posted_data_hash\" value=\"\" \/>\n<input type=\"hidden\" name=\"_wpcf7_recaptcha_response\" value=\"\" \/>\n<\/div>\n<div class=\"row\">\n<div class=\"col-lg-6\">\n<span class=\"wpcf7-form-control-wrap fullname\"><input type=\"text\" name=\"fullname\" value=\"\" size=\"40\" class=\"wpcf7-form-control wpcf7-text wpcf7-validates-as-required\" aria-required=\"true\" aria-invalid=\"false\" placeholder=\"Name*\" \/><\/span>\n  <\/div>\n<div class=\"col-lg-6\">\n<span class=\"wpcf7-form-control-wrap email\"><input type=\"text\" name=\"email\" value=\"\" size=\"40\" class=\"wpcf7-form-control wpcf7-text wpcf7-validates-as-required\" aria-required=\"true\" aria-invalid=\"false\" placeholder=\"E-mail*\" \/><\/span>\n  <\/div>\n<\/div>\n<div class=\"row\">\n<div class=\"col-lg-12\">\n<span class=\"wpcf7-form-control-wrap select-menu\"><select name=\"select-menu\" class=\"wpcf7-form-control wpcf7-select\" aria-invalid=\"false\"><option value=\"Interested in M\u00e1rkh\u00e1zi P\u00e1linka\">Interested in M\u00e1rkh\u00e1zi P\u00e1linka<\/option><option value=\"Interested in Private production\">Interested in Private production<\/option><\/select><\/span>\n  <\/div>\n<\/div>\n<p><span class=\"wpcf7-form-control-wrap message\"><textarea name=\"message\" cols=\"40\" rows=\"10\" class=\"wpcf7-form-control wpcf7-textarea\" aria-invalid=\"false\" placeholder=\"Message*\"><\/textarea><\/span><\/p>\n<div class=\"row\" >\n<div class=\"col-md-12\" style=\"color:white; text-align:left;\">\n       <span class=\"wpcf7-form-control-wrap adatvedelem\"><span class=\"wpcf7-form-control wpcf7-checkbox wpcf7-validates-as-required\"><span class=\"wpcf7-list-item first last\"><label><input type=\"checkbox\" name=\"adatvedelem[]\" value=\"I accept the privacy policy.*\" \/><span class=\"wpcf7-list-item-label\">I accept the privacy policy.*<\/span><\/label><\/span><\/span><\/span><span class=\"wpcf7-form-control-wrap hirlevel\"><span class=\"wpcf7-form-control wpcf7-checkbox\"><span class=\"wpcf7-list-item first last\"><label><input type=\"checkbox\" name=\"hirlevel[]\" value=\"I subscribe to the newsletter.\" \/><span class=\"wpcf7-list-item-label\">I subscribe to the newsletter.<\/span><\/label><\/span><\/span><\/span>\n    <\/div>\n<\/div>\n\n<p><input type=\"submit\" value=\"Send\" class=\"wpcf7-form-control wpcf7-submit\" \/><\/p>\n<div class=\"wpcf7-response-output\" role=\"alert\" aria-hidden=\"true\"><\/div><\/form><\/div>[\/vc_column_inner][vc_column_inner width=&#8221;1\/2&#8243;][vc_single_image image=&#8221;10343&#8243; img_size=&#8221;large&#8221; alignment=&#8221;center&#8221; css_animation=&#8221;fadeInUp&#8221; css=&#8221;.vc_custom_1597927070553{padding-top: 10% !important;padding-right: 10% !important;padding-bottom: 10% !important;padding-left: 10% !important;}&#8221;][\/vc_column_inner][\/vc_row_inner]<\/div><\/div>[\/vc_column][\/vc_row]<\/p>\n","protected":false},"excerpt":{"rendered":"<p>[vc_row full_width=&#8221;stretch_row_content_no_spaces&#8221; parallax=&#8221;content-moving&#8221; parallax_image=&#8221;9620&#8243; bg_overlay=&#8221;half&#8221; css=&#8221;.vc_custom_1598266938134{padding-top: 180px !important;padding-bottom: 50px !important;background-image: url(https:\/\/markhazipalinka.hu\/wp-content\/uploads\/2020\/08\/Markhazi-indexbginverz3.jpg?id=9620) !important;background-position: center;background-repeat: no-repeat;background-size: cover !important;}&#8221;][vc_column][vc_custom_heading text=&#8221;Our services&#8221; font_container=&#8221;tag:h1|text_align:center|color:%23ffffff&#8221;][vc_separator color=&#8221;white&#8221; el_width=&#8221;20&#8243; css=&#8221;.vc_custom_1597668413472{padding-top: 0px !important;padding-bottom: 0px !important;}&#8221;][vc_custom_heading text=&#8221;M\u00e1rkh\u00e1zi Palinka&#8221; font_container=&#8221;tag:h2|text_align:center|color:%23ffffff&#8221; css=&#8221;.vc_custom_1604056881509{margin-top: 0px !important;padding-top: 20px !important;}&#8221;][vc_btn title=&#8221;Conact&#8221; align=&#8221;center&#8221; el_class=&#8221;markbutton&#8221; link=&#8221;url:%23kapcsolat|||&#8221;][\/vc_column][\/vc_row][vc_row full_width=&#8221;stretch_row_content&#8221; gap=&#8221;35&#8243; css=&#8221;.vc_custom_1598101390063{padding-top: 40px !important;padding-right: 25px !important;padding-bottom: 40px !important;padding-left: 25px !important;background-position: center !important;background-repeat: no-repeat !important;background-size: cover !important;}&#8221; el_class=&#8221;berfozes_1zona&#8221;][vc_column][vc_custom_heading text=&#8221;Our distillery offers various and high-quality services to the lovers of national palinka spirits&#8221; font_container=&#8221;tag:h2|text_align:center&#8221; css=&#8221;.vc_custom_1604056713346{padding-bottom: 40px !important;}&#8221; el_class=&#8221;zona_1_head&#8221;][\/vc_column][\/vc_row][vc_row full_width=&#8221;stretch_row_content&#8221; gap=&#8221;25&#8243; equal_height=&#8221;yes&#8221; css=&#8221;.vc_custom_1598103716414{padding-top: 40px !important;}&#8221; el_class=&#8221;berfozes_formbox&#8221; el_id=&#8221;kapcsolat&#8221;][vc_column][\/vc_column][\/vc_row]<\/p>\n","protected":false},"author":1,"featured_media":0,"parent":0,"menu_order":0,"comment_status":"closed","ping_status":"closed","template":"","meta":{"inline_featured_image":false,"footnotes":""},"yoast_head":"<!-- This site is optimized with the Yoast SEO plugin v22.0 - https:\/\/yoast.com\/wordpress\/plugins\/seo\/ -->\n<title>Our Services - M\u00e1rkh\u00e1zi P\u00e1linka<\/title>\n<meta name=\"robots\" content=\"index, follow, max-snippet:-1, max-image-preview:large, max-video-preview:-1\" \/>\n<link rel=\"canonical\" href=\"https:\/\/markhazipalinka.hu\/en\/private-production\/\" \/>\n<meta property=\"og:locale\" content=\"en_US\" \/>\n<meta property=\"og:type\" content=\"article\" \/>\n<meta property=\"og:title\" content=\"Our Services - M\u00e1rkh\u00e1zi P\u00e1linka\" \/>\n<meta property=\"og:description\" content=\"[vc_row full_width=&#8221;stretch_row_content_no_spaces&#8221; parallax=&#8221;content-moving&#8221; parallax_image=&#8221;9620&#8243; bg_overlay=&#8221;half&#8221; css=&#8221;.vc_custom_1598266938134{padding-top: 180px !important;padding-bottom: 50px !important;background-image: url(https:\/\/markhazipalinka.hu\/wp-content\/uploads\/2020\/08\/Markhazi-indexbginverz3.jpg?id=9620) !important;background-position: center;background-repeat: no-repeat;background-size: cover !important;}&#8221;][vc_column][vc_custom_heading text=&#8221;Our services&#8221; font_container=&#8221;tag:h1|text_align:center|color:%23ffffff&#8221;][vc_separator color=&#8221;white&#8221; el_width=&#8221;20&#8243; css=&#8221;.vc_custom_1597668413472{padding-top: 0px !important;padding-bottom: 0px !important;}&#8221;][vc_custom_heading text=&#8221;M\u00e1rkh\u00e1zi Palinka&#8221; font_container=&#8221;tag:h2|text_align:center|color:%23ffffff&#8221; css=&#8221;.vc_custom_1604056881509{margin-top: 0px !important;padding-top: 20px !important;}&#8221;][vc_btn title=&#8221;Conact&#8221; align=&#8221;center&#8221; el_class=&#8221;markbutton&#8221; link=&#8221;url:%23kapcsolat|||&#8221;][\/vc_column][\/vc_row][vc_row full_width=&#8221;stretch_row_content&#8221; gap=&#8221;35&#8243; css=&#8221;.vc_custom_1598101390063{padding-top: 40px !important;padding-right: 25px !important;padding-bottom: 40px !important;padding-left: 25px !important;background-position: center !important;background-repeat: no-repeat !important;background-size: cover !important;}&#8221; el_class=&#8221;berfozes_1zona&#8221;][vc_column][vc_custom_heading text=&#8221;Our distillery offers various and high-quality services to the lovers of national palinka spirits&#8221; font_container=&#8221;tag:h2|text_align:center&#8221; css=&#8221;.vc_custom_1604056713346{padding-bottom: 40px !important;}&#8221; el_class=&#8221;zona_1_head&#8221;][\/vc_column][\/vc_row][vc_row full_width=&#8221;stretch_row_content&#8221; gap=&#8221;25&#8243; equal_height=&#8221;yes&#8221; css=&#8221;.vc_custom_1598103716414{padding-top: 40px !important;}&#8221; el_class=&#8221;berfozes_formbox&#8221; el_id=&#8221;kapcsolat&#8221;][vc_column][\/vc_column][\/vc_row]\" \/>\n<meta property=\"og:url\" content=\"https:\/\/markhazipalinka.hu\/en\/private-production\/\" \/>\n<meta property=\"og:site_name\" content=\"M\u00e1rkh\u00e1zi P\u00e1linka\" \/>\n<meta property=\"article:modified_time\" content=\"2020-10-30T11:21:56+00:00\" \/>\n<meta name=\"twitter:card\" content=\"summary_large_image\" \/>\n<meta name=\"twitter:label1\" content=\"Est. reading time\" \/>\n\t<meta name=\"twitter:data1\" content=\"5 minutes\" \/>\n<script type=\"application\/ld+json\" class=\"yoast-schema-graph\">{\"@context\":\"https:\/\/schema.org\",\"@graph\":[{\"@type\":\"WebPage\",\"@id\":\"https:\/\/markhazipalinka.hu\/en\/private-production\/\",\"url\":\"https:\/\/markhazipalinka.hu\/en\/private-production\/\",\"name\":\"Our Services - M\u00e1rkh\u00e1zi P\u00e1linka\",\"isPartOf\":{\"@id\":\"https:\/\/markhazipalinka.hu\/#website\"},\"datePublished\":\"2020-08-19T16:16:33+00:00\",\"dateModified\":\"2020-10-30T11:21:56+00:00\",\"breadcrumb\":{\"@id\":\"https:\/\/markhazipalinka.hu\/en\/private-production\/#breadcrumb\"},\"inLanguage\":\"en-US\",\"potentialAction\":[{\"@type\":\"ReadAction\",\"target\":[\"https:\/\/markhazipalinka.hu\/en\/private-production\/\"]}]},{\"@type\":\"BreadcrumbList\",\"@id\":\"https:\/\/markhazipalinka.hu\/en\/private-production\/#breadcrumb\",\"itemListElement\":[{\"@type\":\"ListItem\",\"position\":1,\"name\":\"Kezd\u0151lap\",\"item\":\"https:\/\/markhazipalinka.hu\/en\/\"},{\"@type\":\"ListItem\",\"position\":2,\"name\":\"Our Services\"}]},{\"@type\":\"WebSite\",\"@id\":\"https:\/\/markhazipalinka.hu\/#website\",\"url\":\"https:\/\/markhazipalinka.hu\/\",\"name\":\"M\u00e1rkh\u00e1zi P\u00e1linka\",\"description\":\"Quality Hungarian palinka spirits\",\"potentialAction\":[{\"@type\":\"SearchAction\",\"target\":{\"@type\":\"EntryPoint\",\"urlTemplate\":\"https:\/\/markhazipalinka.hu\/?s={search_term_string}\"},\"query-input\":\"required name=search_term_string\"}],\"inLanguage\":\"en-US\"}]}<\/script>\n<!-- \/ Yoast SEO plugin. -->","yoast_head_json":{"title":"Our Services - M\u00e1rkh\u00e1zi P\u00e1linka","robots":{"index":"index","follow":"follow","max-snippet":"max-snippet:-1","max-image-preview":"max-image-preview:large","max-video-preview":"max-video-preview:-1"},"canonical":"https:\/\/markhazipalinka.hu\/en\/private-production\/","og_locale":"en_US","og_type":"article","og_title":"Our Services - M\u00e1rkh\u00e1zi P\u00e1linka","og_description":"[vc_row full_width=&#8221;stretch_row_content_no_spaces&#8221; parallax=&#8221;content-moving&#8221; parallax_image=&#8221;9620&#8243; bg_overlay=&#8221;half&#8221; css=&#8221;.vc_custom_1598266938134{padding-top: 180px !important;padding-bottom: 50px !important;background-image: url(https:\/\/markhazipalinka.hu\/wp-content\/uploads\/2020\/08\/Markhazi-indexbginverz3.jpg?id=9620) !important;background-position: center;background-repeat: no-repeat;background-size: cover !important;}&#8221;][vc_column][vc_custom_heading text=&#8221;Our services&#8221; font_container=&#8221;tag:h1|text_align:center|color:%23ffffff&#8221;][vc_separator color=&#8221;white&#8221; el_width=&#8221;20&#8243; css=&#8221;.vc_custom_1597668413472{padding-top: 0px !important;padding-bottom: 0px !important;}&#8221;][vc_custom_heading text=&#8221;M\u00e1rkh\u00e1zi Palinka&#8221; font_container=&#8221;tag:h2|text_align:center|color:%23ffffff&#8221; css=&#8221;.vc_custom_1604056881509{margin-top: 0px !important;padding-top: 20px !important;}&#8221;][vc_btn title=&#8221;Conact&#8221; align=&#8221;center&#8221; el_class=&#8221;markbutton&#8221; link=&#8221;url:%23kapcsolat|||&#8221;][\/vc_column][\/vc_row][vc_row full_width=&#8221;stretch_row_content&#8221; gap=&#8221;35&#8243; css=&#8221;.vc_custom_1598101390063{padding-top: 40px !important;padding-right: 25px !important;padding-bottom: 40px !important;padding-left: 25px !important;background-position: center !important;background-repeat: no-repeat !important;background-size: cover !important;}&#8221; el_class=&#8221;berfozes_1zona&#8221;][vc_column][vc_custom_heading text=&#8221;Our distillery offers various and high-quality services to the lovers of national palinka spirits&#8221; font_container=&#8221;tag:h2|text_align:center&#8221; css=&#8221;.vc_custom_1604056713346{padding-bottom: 40px !important;}&#8221; el_class=&#8221;zona_1_head&#8221;][\/vc_column][\/vc_row][vc_row full_width=&#8221;stretch_row_content&#8221; gap=&#8221;25&#8243; equal_height=&#8221;yes&#8221; css=&#8221;.vc_custom_1598103716414{padding-top: 40px !important;}&#8221; el_class=&#8221;berfozes_formbox&#8221; el_id=&#8221;kapcsolat&#8221;][vc_column][\/vc_column][\/vc_row]","og_url":"https:\/\/markhazipalinka.hu\/en\/private-production\/","og_site_name":"M\u00e1rkh\u00e1zi P\u00e1linka","article_modified_time":"2020-10-30T11:21:56+00:00","twitter_card":"summary_large_image","twitter_misc":{"Est. reading time":"5 minutes"},"schema":{"@context":"https:\/\/schema.org","@graph":[{"@type":"WebPage","@id":"https:\/\/markhazipalinka.hu\/en\/private-production\/","url":"https:\/\/markhazipalinka.hu\/en\/private-production\/","name":"Our Services - M\u00e1rkh\u00e1zi P\u00e1linka","isPartOf":{"@id":"https:\/\/markhazipalinka.hu\/#website"},"datePublished":"2020-08-19T16:16:33+00:00","dateModified":"2020-10-30T11:21:56+00:00","breadcrumb":{"@id":"https:\/\/markhazipalinka.hu\/en\/private-production\/#breadcrumb"},"inLanguage":"en-US","potentialAction":[{"@type":"ReadAction","target":["https:\/\/markhazipalinka.hu\/en\/private-production\/"]}]},{"@type":"BreadcrumbList","@id":"https:\/\/markhazipalinka.hu\/en\/private-production\/#breadcrumb","itemListElement":[{"@type":"ListItem","position":1,"name":"Kezd\u0151lap","item":"https:\/\/markhazipalinka.hu\/en\/"},{"@type":"ListItem","position":2,"name":"Our Services"}]},{"@type":"WebSite","@id":"https:\/\/markhazipalinka.hu\/#website","url":"https:\/\/markhazipalinka.hu\/","name":"M\u00e1rkh\u00e1zi P\u00e1linka","description":"Quality Hungarian palinka spirits","potentialAction":[{"@type":"SearchAction","target":{"@type":"EntryPoint","urlTemplate":"https:\/\/markhazipalinka.hu\/?s={search_term_string}"},"query-input":"required name=search_term_string"}],"inLanguage":"en-US"}]}},"_links":{"self":[{"href":"https:\/\/markhazipalinka.hu\/en\/wp-json\/wp\/v2\/pages\/10337\/"}],"collection":[{"href":"https:\/\/markhazipalinka.hu\/en\/wp-json\/wp\/v2\/pages\/"}],"about":[{"href":"https:\/\/markhazipalinka.hu\/en\/wp-json\/wp\/v2\/types\/page\/"}],"author":[{"embeddable":true,"href":"https:\/\/markhazipalinka.hu\/en\/wp-json\/wp\/v2\/users\/1\/"}],"replies":[{"embeddable":true,"href":"https:\/\/markhazipalinka.hu\/en\/wp-json\/wp\/v2\/comments\/?post=10337"}],"version-history":[{"count":8,"href":"https:\/\/markhazipalinka.hu\/en\/wp-json\/wp\/v2\/pages\/10337\/revisions\/"}],"predecessor-version":[{"id":10513,"href":"https:\/\/markhazipalinka.hu\/en\/wp-json\/wp\/v2\/pages\/10337\/revisions\/10513\/"}],"wp:attachment":[{"href":"https:\/\/markhazipalinka.hu\/en\/wp-json\/wp\/v2\/media\/?parent=10337"}],"curies":[{"name":"wp","href":"https:\/\/api.w.org\/{rel}","templated":true}]}}