{"id":10393,"date":"2020-08-14T20:08:06","date_gmt":"2020-08-14T20:08:06","guid":{"rendered":"https:\/\/markhazipalinka.hu\/blog\/"},"modified":"2020-10-29T17:40:39","modified_gmt":"2020-10-29T16:40:39","slug":"blog","status":"publish","type":"page","link":"https:\/\/markhazipalinka.hu\/en\/blog\/","title":{"rendered":"Blog"},"content":{"rendered":"","protected":false},"excerpt":{"rendered":"","protected":false},"author":1,"featured_media":10394,"parent":0,"menu_order":0,"comment_status":"closed","ping_status":"closed","template":"page-templates\/blog.php","meta":{"inline_featured_image":false,"footnotes":""},"yoast_head":"<!-- This site is optimized with the Yoast SEO plugin v22.0 - https:\/\/yoast.com\/wordpress\/plugins\/seo\/ -->\n<title>Blog - M\u00e1rkh\u00e1zi P\u00e1linka<\/title>\n<meta name=\"robots\" content=\"index, follow, max-snippet:-1, max-image-preview:large, max-video-preview:-1\" \/>\n<link rel=\"canonical\" href=\"https:\/\/markhazipalinka.hu\/en\/blog\/\" \/>\n<meta property=\"og:locale\" content=\"en_US\" \/>\n<meta property=\"og:type\" content=\"article\" \/>\n<meta property=\"og:title\" content=\"Blog - M\u00e1rkh\u00e1zi P\u00e1linka\" \/>\n<meta property=\"og:url\" content=\"https:\/\/markhazipalinka.hu\/en\/blog\/\" \/>\n<meta property=\"og:site_name\" content=\"M\u00e1rkh\u00e1zi P\u00e1linka\" \/>\n<meta property=\"article:modified_time\" content=\"2020-10-29T16:40:39+00:00\" \/>\n<meta property=\"og:image\" content=\"https:\/\/markhazipalinka.hu\/wp-content\/uploads\/2020\/08\/blog_bg.jpg\" \/>\n\t<meta property=\"og:image:width\" content=\"748\" \/>\n\t<meta property=\"og:image:height\" content=\"263\" \/>\n\t<meta property=\"og:image:type\" content=\"image\/jpeg\" \/>\n<meta name=\"twitter:card\" content=\"summary_large_image\" \/>\n<script type=\"application\/ld+json\" class=\"yoast-schema-graph\">{\"@context\":\"https:\/\/schema.org\",\"@graph\":[{\"@type\":\"WebPage\",\"@id\":\"https:\/\/markhazipalinka.hu\/en\/blog\/\",\"url\":\"https:\/\/markhazipalinka.hu\/en\/blog\/\",\"name\":\"Blog - M\u00e1rkh\u00e1zi P\u00e1linka\",\"isPartOf\":{\"@id\":\"https:\/\/markhazipalinka.hu\/#website\"},\"datePublished\":\"2020-08-14T20:08:06+00:00\",\"dateModified\":\"2020-10-29T16:40:39+00:00\",\"breadcrumb\":{\"@id\":\"https:\/\/markhazipalinka.hu\/en\/blog\/#breadcrumb\"},\"inLanguage\":\"en-US\",\"potentialAction\":[{\"@type\":\"ReadAction\",\"target\":[\"https:\/\/markhazipalinka.hu\/en\/blog\/\"]}]},{\"@type\":\"BreadcrumbList\",\"@id\":\"https:\/\/markhazipalinka.hu\/en\/blog\/#breadcrumb\",\"itemListElement\":[{\"@type\":\"ListItem\",\"position\":1,\"name\":\"Kezd\u0151lap\",\"item\":\"https:\/\/markhazipalinka.hu\/en\/\"},{\"@type\":\"ListItem\",\"position\":2,\"name\":\"Blog\"}]},{\"@type\":\"WebSite\",\"@id\":\"https:\/\/markhazipalinka.hu\/#website\",\"url\":\"https:\/\/markhazipalinka.hu\/\",\"name\":\"M\u00e1rkh\u00e1zi P\u00e1linka\",\"description\":\"Quality Hungarian palinka spirits\",\"potentialAction\":[{\"@type\":\"SearchAction\",\"target\":{\"@type\":\"EntryPoint\",\"urlTemplate\":\"https:\/\/markhazipalinka.hu\/?s={search_term_string}\"},\"query-input\":\"required name=search_term_string\"}],\"inLanguage\":\"en-US\"}]}<\/script>\n<!-- \/ Yoast SEO plugin. -->","yoast_head_json":{"title":"Blog - M\u00e1rkh\u00e1zi P\u00e1linka","robots":{"index":"index","follow":"follow","max-snippet":"max-snippet:-1","max-image-preview":"max-image-preview:large","max-video-preview":"max-video-preview:-1"},"canonical":"https:\/\/markhazipalinka.hu\/en\/blog\/","og_locale":"en_US","og_type":"article","og_title":"Blog - M\u00e1rkh\u00e1zi P\u00e1linka","og_url":"https:\/\/markhazipalinka.hu\/en\/blog\/","og_site_name":"M\u00e1rkh\u00e1zi P\u00e1linka","article_modified_time":"2020-10-29T16:40:39+00:00","og_image":[{"width":748,"height":263,"url":"https:\/\/markhazipalinka.hu\/wp-content\/uploads\/2020\/08\/blog_bg.jpg","type":"image\/jpeg"}],"twitter_card":"summary_large_image","schema":{"@context":"https:\/\/schema.org","@graph":[{"@type":"WebPage","@id":"https:\/\/markhazipalinka.hu\/en\/blog\/","url":"https:\/\/markhazipalinka.hu\/en\/blog\/","name":"Blog - M\u00e1rkh\u00e1zi P\u00e1linka","isPartOf":{"@id":"https:\/\/markhazipalinka.hu\/#website"},"datePublished":"2020-08-14T20:08:06+00:00","dateModified":"2020-10-29T16:40:39+00:00","breadcrumb":{"@id":"https:\/\/markhazipalinka.hu\/en\/blog\/#breadcrumb"},"inLanguage":"en-US","potentialAction":[{"@type":"ReadAction","target":["https:\/\/markhazipalinka.hu\/en\/blog\/"]}]},{"@type":"BreadcrumbList","@id":"https:\/\/markhazipalinka.hu\/en\/blog\/#breadcrumb","itemListElement":[{"@type":"ListItem","position":1,"name":"Kezd\u0151lap","item":"https:\/\/markhazipalinka.hu\/en\/"},{"@type":"ListItem","position":2,"name":"Blog"}]},{"@type":"WebSite","@id":"https:\/\/markhazipalinka.hu\/#website","url":"https:\/\/markhazipalinka.hu\/","name":"M\u00e1rkh\u00e1zi P\u00e1linka","description":"Quality Hungarian palinka spirits","potentialAction":[{"@type":"SearchAction","target":{"@type":"EntryPoint","urlTemplate":"https:\/\/markhazipalinka.hu\/?s={search_term_string}"},"query-input":"required name=search_term_string"}],"inLanguage":"en-US"}]}},"_links":{"self":[{"href":"https:\/\/markhazipalinka.hu\/en\/wp-json\/wp\/v2\/pages\/10393\/"}],"collection":[{"href":"https:\/\/markhazipalinka.hu\/en\/wp-json\/wp\/v2\/pages\/"}],"about":[{"href":"https:\/\/markhazipalinka.hu\/en\/wp-json\/wp\/v2\/types\/page\/"}],"author":[{"embeddable":true,"href":"https:\/\/markhazipalinka.hu\/en\/wp-json\/wp\/v2\/users\/1\/"}],"replies":[{"embeddable":true,"href":"https:\/\/markhazipalinka.hu\/en\/wp-json\/wp\/v2\/comments\/?post=10393"}],"version-history":[{"count":1,"href":"https:\/\/markhazipalinka.hu\/en\/wp-json\/wp\/v2\/pages\/10393\/revisions\/"}],"predecessor-version":[{"id":10395,"href":"https:\/\/markhazipalinka.hu\/en\/wp-json\/wp\/v2\/pages\/10393\/revisions\/10395\/"}],"wp:featuredmedia":[{"embeddable":true,"href":"https:\/\/markhazipalinka.hu\/en\/wp-json\/wp\/v2\/media\/10394\/"}],"wp:attachment":[{"href":"https:\/\/markhazipalinka.hu\/en\/wp-json\/wp\/v2\/media\/?parent=10393"}],"curies":[{"name":"wp","href":"https:\/\/api.w.org\/{rel}","templated":true}]}}