{"id":10681,"date":"2023-12-05T21:09:36","date_gmt":"2023-12-05T20:09:36","guid":{"rendered":"https:\/\/markhazipalinka.hu\/?post_type=product&#038;p=10681"},"modified":"2023-12-06T16:29:27","modified_gmt":"2023-12-06T15:29:27","slug":"markhazi-kosher-quince-palinka","status":"publish","type":"product","link":"https:\/\/markhazipalinka.hu\/en\/product\/markhazi-kosher-quince-palinka\/","title":{"rendered":"M\u00e1rkh\u00e1zi Kosher Quince P\u00e1linka"},"content":{"rendered":"","protected":false},"excerpt":{"rendered":"<p class=\"termekoldaladatok\">40\u00b0 | 0,5 l<\/p>\n<p class=\"termekoldalleiras\">The goal of our distillery is to produce excellent quality p\u00e1linka spirits from selected Hungarian fruits, without compromise. Respecting our mission, we have launched our Kosher p\u00e1linka line.<br \/>\nThe first-class fruit selection, the strict regulations during the cleaning and processing, the professional distillation and the continuous supervision meets all the Kosher requirements<\/p>\n<p><span style=\"color: #e8b750;\"><a style=\"color: #e8b750;\" href=\"\/wp-content\/uploads\/2018\/02\/Kosher-tanusitvany.pdf\" target=\"_blank\" rel=\"noopener noreferrer\"><strong>VIEW KOSHER CERTIFICATE<\/strong><\/a><\/span><\/p>\n<p>[vc_row equal_height=&#8221;yes&#8221; css=&#8221;.vc_custom_1597930868089{margin-top: 0px !important;padding-top: 0px !important;}&#8221;][vc_column css=&#8221;.vc_custom_1597930157829{margin-top: 0px !important;padding-top: 0px !important;}&#8221;][vc_column_text]<strong><img loading=\"lazy\" decoding=\"async\" class=\"alignnone wp-image-9767\" style=\"padding-left: 30px;\" src=\"https:\/\/markhazipalinka.hu\/wp-content\/uploads\/2020\/08\/kukta-300x300.png\" alt=\"\" width=\"65\" height=\"65\" srcset=\"https:\/\/markhazipalinka.hu\/wp-content\/uploads\/2020\/08\/kukta-300x300.png 300w, https:\/\/markhazipalinka.hu\/wp-content\/uploads\/2020\/08\/kukta-150x150.png 150w, https:\/\/markhazipalinka.hu\/wp-content\/uploads\/2020\/08\/kukta-360x360.png 360w, https:\/\/markhazipalinka.hu\/wp-content\/uploads\/2020\/08\/kukta-100x100.png 100w, https:\/\/markhazipalinka.hu\/wp-content\/uploads\/2020\/08\/kukta-364x364.png 364w, https:\/\/markhazipalinka.hu\/wp-content\/uploads\/2020\/08\/kukta-50x50.png 50w, https:\/\/markhazipalinka.hu\/wp-content\/uploads\/2020\/08\/kukta-110x110.png 110w, https:\/\/markhazipalinka.hu\/wp-content\/uploads\/2020\/08\/kukta-275x275.png 275w, https:\/\/markhazipalinka.hu\/wp-content\/uploads\/2020\/08\/kukta-480x480.png 480w, https:\/\/markhazipalinka.hu\/wp-content\/uploads\/2020\/08\/kukta.png 512w\" sizes=\"(max-width: 65px) 100vw, 65px\" \/>40\u00b0 <img loading=\"lazy\" decoding=\"async\" class=\"alignnone wp-image-9768\" style=\"padding-left: 30px;\" src=\"https:\/\/markhazipalinka.hu\/wp-content\/uploads\/2020\/08\/palinkasuveg-300x300.png\" alt=\"\" width=\"65\" height=\"65\" srcset=\"https:\/\/markhazipalinka.hu\/wp-content\/uploads\/2020\/08\/palinkasuveg-300x300.png 300w, https:\/\/markhazipalinka.hu\/wp-content\/uploads\/2020\/08\/palinkasuveg-150x150.png 150w, https:\/\/markhazipalinka.hu\/wp-content\/uploads\/2020\/08\/palinkasuveg-360x360.png 360w, https:\/\/markhazipalinka.hu\/wp-content\/uploads\/2020\/08\/palinkasuveg-100x100.png 100w, https:\/\/markhazipalinka.hu\/wp-content\/uploads\/2020\/08\/palinkasuveg-364x364.png 364w, https:\/\/markhazipalinka.hu\/wp-content\/uploads\/2020\/08\/palinkasuveg-50x50.png 50w, https:\/\/markhazipalinka.hu\/wp-content\/uploads\/2020\/08\/palinkasuveg-110x110.png 110w, https:\/\/markhazipalinka.hu\/wp-content\/uploads\/2020\/08\/palinkasuveg-275x275.png 275w, https:\/\/markhazipalinka.hu\/wp-content\/uploads\/2020\/08\/palinkasuveg-480x480.png 480w, https:\/\/markhazipalinka.hu\/wp-content\/uploads\/2020\/08\/palinkasuveg.png 512w\" sizes=\"(max-width: 65px) 100vw, 65px\" \/>0,5 l<\/strong>[\/vc_column_text][like_sc_empty_space height_xl=\"30px\" height_lg=\"\" height_md=\"\" height_sm=\"\" height_ms=\"32px\" height_xs=\"\" id=\"\" class=\"\" css=\"\"][like_sc_empty_space height_xl=\"30px\" height_lg=\"\" height_md=\"\" height_sm=\"\" height_ms=\"32px\" height_xs=\"\" id=\"\" class=\"\" css=\"\"][vc_column_text][addtoany][\/vc_column_text][like_sc_empty_space height_xl=\"30px\" height_lg=\"\" height_md=\"\" height_sm=\"\" height_ms=\"32px\" height_xs=\"\" id=\"\" class=\"\" css=\"\"][vc_btn title=&#8221;Interest&#8221; style=&#8221;custom&#8221; custom_background=&#8221;#e8b750&#8243; custom_text=&#8221;#ffffff&#8221; size=&#8221;lg&#8221; align=&#8221;left&#8221;<br \/>\ncss_animation=&#8221;none&#8221; link=&#8221;url:https%3A%2F%2Fmarkhazipalinka.hu%2Fen%2Fcontact%2F|title:Interest||&#8221;][\/vc_column][\/vc_row]<\/p>\n","protected":false},"featured_media":10739,"template":"","meta":{"inline_featured_image":false},"yoast_head":"<!-- This site is optimized with the Yoast SEO plugin v22.0 - https:\/\/yoast.com\/wordpress\/plugins\/seo\/ -->\n<title>Kosher barack p\u00e1linka - M\u00e1rkh\u00e1zi kosher p\u00e1link\u00e1k t\u00f6bb \u00edzben<\/title>\n<meta name=\"description\" content=\"Kosher Barack P\u00e1linka a M\u00e1rkh\u00e1zi p\u00e1linkaf\u0151zd\u00e9t\u0151l. Ismerd meg a M\u00e1rkh\u00e1zi Kosher Barack p\u00e1linka trad\u00edcion\u00e1lisan gy\u00fcm\u00f6lcs\u00f6s \u00edzvil\u00e1g\u00e1t.\" \/>\n<meta name=\"robots\" content=\"index, follow, max-snippet:-1, max-image-preview:large, max-video-preview:-1\" \/>\n<link rel=\"canonical\" href=\"https:\/\/markhazipalinka.hu\/en\/product\/markhazi-kosher-quince-palinka\/\" \/>\n<meta property=\"og:locale\" content=\"en_US\" \/>\n<meta property=\"og:type\" content=\"article\" \/>\n<meta property=\"og:title\" content=\"Kosher barack p\u00e1linka - M\u00e1rkh\u00e1zi kosher p\u00e1link\u00e1k t\u00f6bb \u00edzben\" \/>\n<meta property=\"og:description\" content=\"Kosher Barack P\u00e1linka a M\u00e1rkh\u00e1zi p\u00e1linkaf\u0151zd\u00e9t\u0151l. Ismerd meg a M\u00e1rkh\u00e1zi Kosher Barack p\u00e1linka trad\u00edcion\u00e1lisan gy\u00fcm\u00f6lcs\u00f6s \u00edzvil\u00e1g\u00e1t.\" \/>\n<meta property=\"og:url\" content=\"https:\/\/markhazipalinka.hu\/en\/product\/markhazi-kosher-quince-palinka\/\" \/>\n<meta property=\"og:site_name\" content=\"M\u00e1rkh\u00e1zi P\u00e1linka\" \/>\n<meta property=\"article:modified_time\" content=\"2023-12-06T15:29:27+00:00\" \/>\n<meta property=\"og:image\" content=\"https:\/\/markhazipalinka.hu\/wp-content\/uploads\/2023\/12\/kosher_birs_new_2022vv.jpg\" \/>\n\t<meta property=\"og:image:width\" content=\"800\" \/>\n\t<meta property=\"og:image:height\" content=\"800\" \/>\n\t<meta property=\"og:image:type\" content=\"image\/jpeg\" \/>\n<meta name=\"twitter:card\" content=\"summary_large_image\" \/>\n<script type=\"application\/ld+json\" class=\"yoast-schema-graph\">{\"@context\":\"https:\/\/schema.org\",\"@graph\":[{\"@type\":\"WebPage\",\"@id\":\"https:\/\/markhazipalinka.hu\/en\/product\/markhazi-kosher-quince-palinka\/\",\"url\":\"https:\/\/markhazipalinka.hu\/en\/product\/markhazi-kosher-quince-palinka\/\",\"name\":\"Kosher barack p\u00e1linka - M\u00e1rkh\u00e1zi kosher p\u00e1link\u00e1k t\u00f6bb \u00edzben\",\"isPartOf\":{\"@id\":\"https:\/\/markhazipalinka.hu\/#website\"},\"datePublished\":\"2023-12-05T20:09:36+00:00\",\"dateModified\":\"2023-12-06T15:29:27+00:00\",\"description\":\"Kosher Barack P\u00e1linka a M\u00e1rkh\u00e1zi p\u00e1linkaf\u0151zd\u00e9t\u0151l. Ismerd meg a M\u00e1rkh\u00e1zi Kosher Barack p\u00e1linka trad\u00edcion\u00e1lisan gy\u00fcm\u00f6lcs\u00f6s \u00edzvil\u00e1g\u00e1t.\",\"breadcrumb\":{\"@id\":\"https:\/\/markhazipalinka.hu\/en\/product\/markhazi-kosher-quince-palinka\/#breadcrumb\"},\"inLanguage\":\"en-US\",\"potentialAction\":[{\"@type\":\"ReadAction\",\"target\":[\"https:\/\/markhazipalinka.hu\/en\/product\/markhazi-kosher-quince-palinka\/\"]}]},{\"@type\":\"BreadcrumbList\",\"@id\":\"https:\/\/markhazipalinka.hu\/en\/product\/markhazi-kosher-quince-palinka\/#breadcrumb\",\"itemListElement\":[{\"@type\":\"ListItem\",\"position\":1,\"name\":\"Kezd\u0151lap\",\"item\":\"https:\/\/markhazipalinka.hu\/en\/\"},{\"@type\":\"ListItem\",\"position\":2,\"name\":\"Palinka spirits\",\"item\":\"https:\/\/markhazipalinka.hu\/termekeink\/\"},{\"@type\":\"ListItem\",\"position\":3,\"name\":\"M\u00e1rkh\u00e1zi Kosher Quince P\u00e1linka\"}]},{\"@type\":\"WebSite\",\"@id\":\"https:\/\/markhazipalinka.hu\/#website\",\"url\":\"https:\/\/markhazipalinka.hu\/\",\"name\":\"M\u00e1rkh\u00e1zi P\u00e1linka\",\"description\":\"Quality Hungarian palinka spirits\",\"potentialAction\":[{\"@type\":\"SearchAction\",\"target\":{\"@type\":\"EntryPoint\",\"urlTemplate\":\"https:\/\/markhazipalinka.hu\/?s={search_term_string}\"},\"query-input\":\"required name=search_term_string\"}],\"inLanguage\":\"en-US\"}]}<\/script>\n<!-- \/ Yoast SEO plugin. -->","yoast_head_json":{"title":"Kosher barack p\u00e1linka - M\u00e1rkh\u00e1zi kosher p\u00e1link\u00e1k t\u00f6bb \u00edzben","description":"Kosher Barack P\u00e1linka a M\u00e1rkh\u00e1zi p\u00e1linkaf\u0151zd\u00e9t\u0151l. Ismerd meg a M\u00e1rkh\u00e1zi Kosher Barack p\u00e1linka trad\u00edcion\u00e1lisan gy\u00fcm\u00f6lcs\u00f6s \u00edzvil\u00e1g\u00e1t.","robots":{"index":"index","follow":"follow","max-snippet":"max-snippet:-1","max-image-preview":"max-image-preview:large","max-video-preview":"max-video-preview:-1"},"canonical":"https:\/\/markhazipalinka.hu\/en\/product\/markhazi-kosher-quince-palinka\/","og_locale":"en_US","og_type":"article","og_title":"Kosher barack p\u00e1linka - M\u00e1rkh\u00e1zi kosher p\u00e1link\u00e1k t\u00f6bb \u00edzben","og_description":"Kosher Barack P\u00e1linka a M\u00e1rkh\u00e1zi p\u00e1linkaf\u0151zd\u00e9t\u0151l. Ismerd meg a M\u00e1rkh\u00e1zi Kosher Barack p\u00e1linka trad\u00edcion\u00e1lisan gy\u00fcm\u00f6lcs\u00f6s \u00edzvil\u00e1g\u00e1t.","og_url":"https:\/\/markhazipalinka.hu\/en\/product\/markhazi-kosher-quince-palinka\/","og_site_name":"M\u00e1rkh\u00e1zi P\u00e1linka","article_modified_time":"2023-12-06T15:29:27+00:00","og_image":[{"width":800,"height":800,"url":"https:\/\/markhazipalinka.hu\/wp-content\/uploads\/2023\/12\/kosher_birs_new_2022vv.jpg","type":"image\/jpeg"}],"twitter_card":"summary_large_image","schema":{"@context":"https:\/\/schema.org","@graph":[{"@type":"WebPage","@id":"https:\/\/markhazipalinka.hu\/en\/product\/markhazi-kosher-quince-palinka\/","url":"https:\/\/markhazipalinka.hu\/en\/product\/markhazi-kosher-quince-palinka\/","name":"Kosher barack p\u00e1linka - M\u00e1rkh\u00e1zi kosher p\u00e1link\u00e1k t\u00f6bb \u00edzben","isPartOf":{"@id":"https:\/\/markhazipalinka.hu\/#website"},"datePublished":"2023-12-05T20:09:36+00:00","dateModified":"2023-12-06T15:29:27+00:00","description":"Kosher Barack P\u00e1linka a M\u00e1rkh\u00e1zi p\u00e1linkaf\u0151zd\u00e9t\u0151l. Ismerd meg a M\u00e1rkh\u00e1zi Kosher Barack p\u00e1linka trad\u00edcion\u00e1lisan gy\u00fcm\u00f6lcs\u00f6s \u00edzvil\u00e1g\u00e1t.","breadcrumb":{"@id":"https:\/\/markhazipalinka.hu\/en\/product\/markhazi-kosher-quince-palinka\/#breadcrumb"},"inLanguage":"en-US","potentialAction":[{"@type":"ReadAction","target":["https:\/\/markhazipalinka.hu\/en\/product\/markhazi-kosher-quince-palinka\/"]}]},{"@type":"BreadcrumbList","@id":"https:\/\/markhazipalinka.hu\/en\/product\/markhazi-kosher-quince-palinka\/#breadcrumb","itemListElement":[{"@type":"ListItem","position":1,"name":"Kezd\u0151lap","item":"https:\/\/markhazipalinka.hu\/en\/"},{"@type":"ListItem","position":2,"name":"Palinka spirits","item":"https:\/\/markhazipalinka.hu\/termekeink\/"},{"@type":"ListItem","position":3,"name":"M\u00e1rkh\u00e1zi Kosher Quince P\u00e1linka"}]},{"@type":"WebSite","@id":"https:\/\/markhazipalinka.hu\/#website","url":"https:\/\/markhazipalinka.hu\/","name":"M\u00e1rkh\u00e1zi P\u00e1linka","description":"Quality Hungarian palinka spirits","potentialAction":[{"@type":"SearchAction","target":{"@type":"EntryPoint","urlTemplate":"https:\/\/markhazipalinka.hu\/?s={search_term_string}"},"query-input":"required name=search_term_string"}],"inLanguage":"en-US"}]}},"_links":{"self":[{"href":"https:\/\/markhazipalinka.hu\/en\/wp-json\/wp\/v2\/product\/10681\/"}],"collection":[{"href":"https:\/\/markhazipalinka.hu\/en\/wp-json\/wp\/v2\/product\/"}],"about":[{"href":"https:\/\/markhazipalinka.hu\/en\/wp-json\/wp\/v2\/types\/product\/"}],"wp:featuredmedia":[{"embeddable":true,"href":"https:\/\/markhazipalinka.hu\/en\/wp-json\/wp\/v2\/media\/10739\/"}],"wp:attachment":[{"href":"https:\/\/markhazipalinka.hu\/en\/wp-json\/wp\/v2\/media\/?parent=10681"}],"curies":[{"name":"wp","href":"https:\/\/api.w.org\/{rel}","templated":true}]}}